{"id":9956,"date":"2019-06-28T13:54:50","date_gmt":"2019-06-28T10:54:50","guid":{"rendered":"http:\/\/krog.ee\/?post_type=product&#038;p=9956"},"modified":"2020-07-01T21:58:06","modified_gmt":"2020-07-01T18:58:06","slug":"marko-matvere-ja-vaikeste-lootspillide-uhing-06-07-2019","status":"publish","type":"product","link":"https:\/\/krog.ee\/en\/event\/eesti-marko-matvere-ja-vaikeste-lootspillide-uhing-06-07-2019\/","title":{"rendered":"(Eesti) Marko Matvere ja V\u00e4ikeste L\u00f5\u00f5tspillide \u00dching (06.07.2019)"},"content":{"rendered":"<p class=\"qtranxs-available-languages-message qtranxs-available-languages-message-en\">Sorry, this entry is only available in <a href=\"https:\/\/krog.ee\/et\/wp-json\/wp\/v2\/product\/9956\" class=\"qtranxs-available-language-link qtranxs-available-language-link-et\" title=\"Eesti\">Eesti<\/a>.<\/p>","protected":false},"excerpt":{"rendered":"<p>Sorry, this entry is only available in Eesti.<\/p>\n","protected":false},"featured_media":23783,"comment_status":"open","ping_status":"closed","template":"","meta":{"_monsterinsights_skip_tracking":false,"_monsterinsights_sitenote_active":false,"_monsterinsights_sitenote_note":"","_monsterinsights_sitenote_category":0,"jetpack_post_was_ever_published":false,"jetpack_publicize_message":"","jetpack_publicize_feature_enabled":true,"jetpack_social_post_already_shared":true,"jetpack_social_options":{"image_generator_settings":{"template":"highway","default_image_id":0,"enabled":false},"version":2}},"product_brand":[],"product_cat":[209],"product_tag":[],"class_list":{"0":"post-9956","1":"product","2":"type-product","3":"status-publish","4":"has-post-thumbnail","6":"product_cat-toimunud_uritused","8":"first","9":"instock","10":"taxable","11":"shipping-taxable","12":"product-type-simple"},"jetpack_publicize_connections":[],"jetpack_sharing_enabled":true,"_links":{"self":[{"href":"https:\/\/krog.ee\/en\/wp-json\/wp\/v2\/product\/9956","targetHints":{"allow":["GET"]}}],"collection":[{"href":"https:\/\/krog.ee\/en\/wp-json\/wp\/v2\/product"}],"about":[{"href":"https:\/\/krog.ee\/en\/wp-json\/wp\/v2\/types\/product"}],"replies":[{"embeddable":true,"href":"https:\/\/krog.ee\/en\/wp-json\/wp\/v2\/comments?post=9956"}],"wp:featuredmedia":[{"embeddable":true,"href":"https:\/\/krog.ee\/en\/wp-json\/wp\/v2\/media\/23783"}],"wp:attachment":[{"href":"https:\/\/krog.ee\/en\/wp-json\/wp\/v2\/media?parent=9956"}],"wp:term":[{"taxonomy":"product_brand","embeddable":true,"href":"https:\/\/krog.ee\/en\/wp-json\/wp\/v2\/product_brand?post=9956"},{"taxonomy":"product_cat","embeddable":true,"href":"https:\/\/krog.ee\/en\/wp-json\/wp\/v2\/product_cat?post=9956"},{"taxonomy":"product_tag","embeddable":true,"href":"https:\/\/krog.ee\/en\/wp-json\/wp\/v2\/product_tag?post=9956"}],"curies":[{"name":"wp","href":"https:\/\/api.w.org\/{rel}","templated":true}]}}